{"id":15656,"date":"2025-12-12T15:14:59","date_gmt":"2025-12-12T15:14:59","guid":{"rendered":"https:\/\/wellownetwork.com\/?page_id=15656"},"modified":"2025-12-15T15:43:53","modified_gmt":"2025-12-15T15:43:53","slug":"documentos-sig-futurcabo-coimbra-monte-formoso","status":"publish","type":"page","link":"https:\/\/wellownetwork.com\/en\/documentos-sig-futurcabo-coimbra-monte-formoso\/","title":{"rendered":"Documentos SIG &#8211; Futurcabo Coimbra Monte Formoso"},"content":{"rendered":"<div data-elementor-type=\"wp-page\" data-elementor-id=\"15656\" class=\"elementor elementor-15656\" data-elementor-post-type=\"page\">\n\t\t\t\t\t\t<section class=\"elementor-section elementor-top-section elementor-element elementor-element-ffac665 elementor-section-content-middle elementor-section-full_width elementor-section-height-default elementor-section-height-default\" data-id=\"ffac665\" data-element_type=\"section\" data-e-type=\"section\" data-settings=\"{&quot;background_background&quot;:&quot;classic&quot;,&quot;animation&quot;:&quot;none&quot;}\">\n\t\t\t\t\t\t<div class=\"elementor-container elementor-column-gap-wider\">\n\t\t\t\t\t<div class=\"elementor-column elementor-col-50 elementor-top-column elementor-element elementor-element-568310c\" data-id=\"568310c\" data-element_type=\"column\" data-e-type=\"column\">\n\t\t\t<div class=\"elementor-widget-wrap elementor-element-populated\">\n\t\t\t\t\t\t<div class=\"elementor-element elementor-element-4db9ead elementor-widget elementor-widget-spacer\" data-id=\"4db9ead\" data-element_type=\"widget\" data-e-type=\"widget\" data-widget_type=\"spacer.default\">\n\t\t\t\t<div class=\"elementor-widget-container\">\n\t\t\t\t\t\t\t<div class=\"elementor-spacer\">\n\t\t\t<div class=\"elementor-spacer-inner\"><\/div>\n\t\t<\/div>\n\t\t\t\t\t\t<\/div>\n\t\t\t\t<\/div>\n\t\t\t\t<div class=\"elementor-element elementor-element-0886aa0 elementor-widget elementor-widget-heading\" data-id=\"0886aa0\" data-element_type=\"widget\" data-e-type=\"widget\" data-widget_type=\"heading.default\">\n\t\t\t\t<div class=\"elementor-widget-container\">\n\t\t\t\t\t<div class=\"elementor-heading-title elementor-size-default\">GIS documents<\/div>\t\t\t\t<\/div>\n\t\t\t\t<\/div>\n\t\t\t\t<div class=\"elementor-element elementor-element-d748573 elementor-widget elementor-widget-heading\" data-id=\"d748573\" data-element_type=\"widget\" data-e-type=\"widget\" data-widget_type=\"heading.default\">\n\t\t\t\t<div class=\"elementor-widget-container\">\n\t\t\t\t\t<div class=\"elementor-heading-title elementor-size-default\">Futurcabo Coimbra Monte Formoso<\/div>\t\t\t\t<\/div>\n\t\t\t\t<\/div>\n\t\t\t\t<div class=\"elementor-element elementor-element-964435a elementor-widget elementor-widget-spacer\" data-id=\"964435a\" data-element_type=\"widget\" data-e-type=\"widget\" data-widget_type=\"spacer.default\">\n\t\t\t\t<div class=\"elementor-widget-container\">\n\t\t\t\t\t\t\t<div class=\"elementor-spacer\">\n\t\t\t<div class=\"elementor-spacer-inner\"><\/div>\n\t\t<\/div>\n\t\t\t\t\t\t<\/div>\n\t\t\t\t<\/div>\n\t\t\t\t\t<\/div>\n\t\t<\/div>\n\t\t\t\t<div class=\"elementor-column elementor-col-50 elementor-top-column elementor-element elementor-element-d7edfcb\" data-id=\"d7edfcb\" data-element_type=\"column\" data-e-type=\"column\">\n\t\t\t<div class=\"elementor-widget-wrap\">\n\t\t\t\t\t\t\t<\/div>\n\t\t<\/div>\n\t\t\t\t\t<\/div>\n\t\t<\/section>\n\t\t\t\t<section class=\"elementor-section elementor-top-section elementor-element elementor-element-b864c7c elementor-section-content-middle elementor-section-boxed elementor-section-height-default elementor-section-height-default\" data-id=\"b864c7c\" data-element_type=\"section\" data-e-type=\"section\">\n\t\t\t\t\t\t<div class=\"elementor-container elementor-column-gap-default\">\n\t\t\t\t\t<div class=\"elementor-column elementor-col-100 elementor-top-column elementor-element elementor-element-44f59d9\" data-id=\"44f59d9\" data-element_type=\"column\" data-e-type=\"column\">\n\t\t\t<div class=\"elementor-widget-wrap elementor-element-populated\">\n\t\t\t\t\t\t<div class=\"elementor-element elementor-element-de60363 elementor-icon-list--layout-traditional elementor-list-item-link-full_width elementor-widget elementor-widget-icon-list\" data-id=\"de60363\" data-element_type=\"widget\" data-e-type=\"widget\" data-widget_type=\"icon-list.default\">\n\t\t\t\t<div class=\"elementor-widget-container\">\n\t\t\t\t\t\t\t<ul class=\"elementor-icon-list-items\">\n\t\t\t\t\t\t\t<li class=\"elementor-icon-list-item\">\n\t\t\t\t\t\t\t\t\t\t\t<a href=\"https:\/\/wellownetwork.com\/en\/docs\/01.%20PLT.003-R.005%20-%20Politica%20de%20SIG.pdf\/\">\n\n\t\t\t\t\t\t\t\t\t\t\t<span class=\"elementor-icon-list-text\">Wellow Network GIS Policy<\/span>\n\t\t\t\t\t\t\t\t\t\t\t<\/a>\n\t\t\t\t\t\t\t\t\t<\/li>\n\t\t\t\t\t\t\t\t<li class=\"elementor-icon-list-item\">\n\t\t\t\t\t\t\t\t\t\t\t<a href=\"https:\/\/wellownetwork.com\/docs\/02_Certificacoes.pdf\">\n\n\t\t\t\t\t\t\t\t\t\t\t<span class=\"elementor-icon-list-text\">APCER Wellow Network Certifications <\/span>\n\t\t\t\t\t\t\t\t\t\t\t<\/a>\n\t\t\t\t\t\t\t\t\t<\/li>\n\t\t\t\t\t\t\t\t<li class=\"elementor-icon-list-item\">\n\t\t\t\t\t\t\t\t\t\t\t<a href=\"https:\/\/wellownetwork.com\/en\/docs\/Futurcabo_Coimbra_Monte_Formoso\/03_Certificado%20Energ\u0412tico%20IMP044.pdf\/\">\n\n\t\t\t\t\t\t\t\t\t\t\t<span class=\"elementor-icon-list-text\">Energy Certificate<\/span>\n\t\t\t\t\t\t\t\t\t\t\t<\/a>\n\t\t\t\t\t\t\t\t\t<\/li>\n\t\t\t\t\t\t\t\t<li class=\"elementor-icon-list-item\">\n\t\t\t\t\t\t\t\t\t\t\t<a href=\"https:\/\/wellownetwork.com\/en\/docs\/Futurcabo_Coimbra_Monte_Formoso\/04_Horario%20Funcionamento_Futurcabo.pdf\/\">\n\n\t\t\t\t\t\t\t\t\t\t\t<span class=\"elementor-icon-list-text\">Opening hours<\/span>\n\t\t\t\t\t\t\t\t\t\t\t<\/a>\n\t\t\t\t\t\t\t\t\t<\/li>\n\t\t\t\t\t\t\t\t<li class=\"elementor-icon-list-item\">\n\t\t\t\t\t\t\t\t\t\t\t<a href=\"https:\/\/wellownetwork.com\/en\/docs\/05_ACT_Direitos%20e%20Obrigacoes%20do%20Sinisrado%20e%20dos%20Responsaveis.pdf\/\">\n\n\t\t\t\t\t\t\t\t\t\t\t<span class=\"elementor-icon-list-text\">ACT - Rights and Obligations of the Claimant and the Persons Responsible<\/span>\n\t\t\t\t\t\t\t\t\t\t\t<\/a>\n\t\t\t\t\t\t\t\t\t<\/li>\n\t\t\t\t\t\t\t\t<li class=\"elementor-icon-list-item\">\n\t\t\t\t\t\t\t\t\t\t\t<a href=\"https:\/\/wellownetwork.com\/en\/docs\/06_ACT_Informacao%20relativa%20aos%20direitos%20e%20deveres%20do%20trabalhador%20em%20materia%20de%20igualdade%20e%20nao%20discriminacao.pdf\/\">\n\n\t\t\t\t\t\t\t\t\t\t\t<span class=\"elementor-icon-list-text\">ACT - Information on workers' rights and duties with regard to equality and non-discrimination <\/span>\n\t\t\t\t\t\t\t\t\t\t\t<\/a>\n\t\t\t\t\t\t\t\t\t<\/li>\n\t\t\t\t\t\t\t\t<li class=\"elementor-icon-list-item\">\n\t\t\t\t\t\t\t\t\t\t\t<a href=\"https:\/\/wellownetwork.com\/en\/docs\/07_ACT_Informacao%20sobre%20a%20legislacao%20referente%20ao%20direito%20de%20parentalidade.pdf\/\">\n\n\t\t\t\t\t\t\t\t\t\t\t<span class=\"elementor-icon-list-text\">ACT - Information on parental rights legislation<\/span>\n\t\t\t\t\t\t\t\t\t\t\t<\/a>\n\t\t\t\t\t\t\t\t\t<\/li>\n\t\t\t\t\t\t<\/ul>\n\t\t\t\t\t\t<\/div>\n\t\t\t\t<\/div>\n\t\t\t\t\t<\/div>\n\t\t<\/div>\n\t\t\t\t\t<\/div>\n\t\t<\/section>\n\t\t\t\t<\/div>","protected":false},"excerpt":{"rendered":"<p>Documentos SIG Futurcabo Coimbra Monte Formoso Pol\u00edtica de SIG Wellow Network Certifica\u00e7\u00f5es APCER Wellow Network Certificado Energ\u00e9tico Hor\u00e1rio de Funcionamento ACT &#8211; Direitos e Obriga\u00e7\u00f5es do Sinistrado e dos Respons\u00e1veis ACT &#8211; Informa\u00e7\u00e3o relativa aos direitos e deveres do trabalhador em mat\u00e9ria de igualdade e n\u00e3o discrimina\u00e7\u00e3o ACT &#8211; Informa\u00e7\u00e3o sobre a legisla\u00e7\u00e3o referente ao [&hellip;]<\/p>\n","protected":false},"author":1,"featured_media":0,"parent":0,"menu_order":0,"comment_status":"closed","ping_status":"closed","template":"","meta":{"footnotes":""},"class_list":["post-15656","page","type-page","status-publish","hentry"],"_links":{"self":[{"href":"https:\/\/wellownetwork.com\/en\/wp-json\/wp\/v2\/pages\/15656","targetHints":{"allow":["GET"]}}],"collection":[{"href":"https:\/\/wellownetwork.com\/en\/wp-json\/wp\/v2\/pages"}],"about":[{"href":"https:\/\/wellownetwork.com\/en\/wp-json\/wp\/v2\/types\/page"}],"author":[{"embeddable":true,"href":"https:\/\/wellownetwork.com\/en\/wp-json\/wp\/v2\/users\/1"}],"replies":[{"embeddable":true,"href":"https:\/\/wellownetwork.com\/en\/wp-json\/wp\/v2\/comments?post=15656"}],"version-history":[{"count":7,"href":"https:\/\/wellownetwork.com\/en\/wp-json\/wp\/v2\/pages\/15656\/revisions"}],"predecessor-version":[{"id":15845,"href":"https:\/\/wellownetwork.com\/en\/wp-json\/wp\/v2\/pages\/15656\/revisions\/15845"}],"wp:attachment":[{"href":"https:\/\/wellownetwork.com\/en\/wp-json\/wp\/v2\/media?parent=15656"}],"curies":[{"name":"wp","href":"https:\/\/api.w.org\/{rel}","templated":true}]}}